{"id":25,"date":"2021-12-08T21:20:22","date_gmt":"2021-12-09T00:20:22","guid":{"rendered":"http:\/\/www.motionminds.com.ar\/?page_id=25"},"modified":"2021-12-12T22:29:42","modified_gmt":"2021-12-13T01:29:42","slug":"motionminds-2","status":"publish","type":"page","link":"https:\/\/www.motionminds.com.ar\/?page_id=25","title":{"rendered":"MotionMinds"},"content":{"rendered":"\n<p><\/p>\n\n\n\n<p class=\"has-text-align-left\"><strong>MotionMinds<\/strong>, fundada y dirigida por Diego Calvo Etcheverry, trabaja desde el a\u00f1o 2000 brindando soluciones de informatizaci\u00f3n a PyMES y Grandes Empresas. Se especializa en el desarrollo de sistemas transaccionales mixtos (Web-Mobile-Cliente\/Servidor), soluciones basadas en cloud (IaaS, Azure functions, Azure Ma-chine Learning y Azure Cognitive Services), gerenciamiento de proyectos de informatizaci\u00f3n de procesos y asesor\u00eda tecnol\u00f3gica pre-compra.<\/p>\n\n\n\n<p class=\"has-text-align-left\">Con un enfoque orientado al acompa\u00f1amiento End-to-End, trabaja en conjunto con sus clientes para entregar soluciones integrales escalables que permitan implementar tecnolog\u00eda innovadora a un costo accesible.<\/p>\n","protected":false},"excerpt":{"rendered":"<p>MotionMinds, fundada y dirigida por Diego Calvo Etcheverry, trabaja desde el a\u00f1o 2000 brindando soluciones de informatizaci\u00f3n a PyMES y Grandes Empresas. Se especializa en el desarrollo de sistemas transaccionales mixtos (Web-Mobile-Cliente\/Servidor), soluciones basadas en cloud (IaaS, Azure functions, Azure Ma-chine Learning y Azure Cognitive Services), gerenciamiento de proyectos de informatizaci\u00f3n de procesos y asesor\u00eda&hellip; <br \/> <a class=\"read-more\" href=\"https:\/\/www.motionminds.com.ar\/?page_id=25\">Read more<\/a><\/p>\n","protected":false},"author":1,"featured_media":0,"parent":0,"menu_order":0,"comment_status":"closed","ping_status":"closed","template":"","meta":{"spay_email":""},"_links":{"self":[{"href":"https:\/\/www.motionminds.com.ar\/index.php?rest_route=\/wp\/v2\/pages\/25"}],"collection":[{"href":"https:\/\/www.motionminds.com.ar\/index.php?rest_route=\/wp\/v2\/pages"}],"about":[{"href":"https:\/\/www.motionminds.com.ar\/index.php?rest_route=\/wp\/v2\/types\/page"}],"author":[{"embeddable":true,"href":"https:\/\/www.motionminds.com.ar\/index.php?rest_route=\/wp\/v2\/users\/1"}],"replies":[{"embeddable":true,"href":"https:\/\/www.motionminds.com.ar\/index.php?rest_route=%2Fwp%2Fv2%2Fcomments&post=25"}],"version-history":[{"count":7,"href":"https:\/\/www.motionminds.com.ar\/index.php?rest_route=\/wp\/v2\/pages\/25\/revisions"}],"predecessor-version":[{"id":202,"href":"https:\/\/www.motionminds.com.ar\/index.php?rest_route=\/wp\/v2\/pages\/25\/revisions\/202"}],"wp:attachment":[{"href":"https:\/\/www.motionminds.com.ar\/index.php?rest_route=%2Fwp%2Fv2%2Fmedia&parent=25"}],"curies":[{"name":"wp","href":"https:\/\/api.w.org\/{rel}","templated":true}]}}