{"id":23,"date":"2021-12-08T21:20:03","date_gmt":"2021-12-09T00:20:03","guid":{"rendered":"http:\/\/www.motionminds.com.ar\/?page_id=23"},"modified":"2021-12-12T22:27:20","modified_gmt":"2021-12-13T01:27:20","slug":"servicios","status":"publish","type":"page","link":"https:\/\/www.motionminds.com.ar\/?page_id=23","title":{"rendered":"Servicios"},"content":{"rendered":"\n<p>MotionMinds cuenta con un cat\u00e1logo de servicios IT que permite brindar soluciones integrales, no importa el tama\u00f1o de su proyecto:<\/p>\n\n\n\n<ul><li>Consultor\u00eda IT<\/li><li>Desarrollo de Sistemas<\/li><li>Desarrollo Web y servicios Cloud<\/li><li>Dise\u00f1o de infraestructura de IT<\/li><li>Casas inteligentes<\/li><li>Informatizaci\u00f3n de procesos<\/li><\/ul>\n","protected":false},"excerpt":{"rendered":"<p>MotionMinds cuenta con un cat\u00e1logo de servicios IT que permite brindar soluciones integrales, no importa el tama\u00f1o de su proyecto: Consultor\u00eda IT Desarrollo de Sistemas Desarrollo Web y servicios Cloud Dise\u00f1o de infraestructura de IT Casas inteligentes Informatizaci\u00f3n de procesos<\/p>\n","protected":false},"author":1,"featured_media":0,"parent":0,"menu_order":0,"comment_status":"closed","ping_status":"closed","template":"","meta":{"spay_email":""},"_links":{"self":[{"href":"https:\/\/www.motionminds.com.ar\/index.php?rest_route=\/wp\/v2\/pages\/23"}],"collection":[{"href":"https:\/\/www.motionminds.com.ar\/index.php?rest_route=\/wp\/v2\/pages"}],"about":[{"href":"https:\/\/www.motionminds.com.ar\/index.php?rest_route=\/wp\/v2\/types\/page"}],"author":[{"embeddable":true,"href":"https:\/\/www.motionminds.com.ar\/index.php?rest_route=\/wp\/v2\/users\/1"}],"replies":[{"embeddable":true,"href":"https:\/\/www.motionminds.com.ar\/index.php?rest_route=%2Fwp%2Fv2%2Fcomments&post=23"}],"version-history":[{"count":2,"href":"https:\/\/www.motionminds.com.ar\/index.php?rest_route=\/wp\/v2\/pages\/23\/revisions"}],"predecessor-version":[{"id":200,"href":"https:\/\/www.motionminds.com.ar\/index.php?rest_route=\/wp\/v2\/pages\/23\/revisions\/200"}],"wp:attachment":[{"href":"https:\/\/www.motionminds.com.ar\/index.php?rest_route=%2Fwp%2Fv2%2Fmedia&parent=23"}],"curies":[{"name":"wp","href":"https:\/\/api.w.org\/{rel}","templated":true}]}}