{"id":178,"date":"2021-12-12T20:59:20","date_gmt":"2021-12-12T23:59:20","guid":{"rendered":"https:\/\/www.motionminds.com.ar\/?page_id=178"},"modified":"2024-10-13T19:13:36","modified_gmt":"2024-10-13T22:13:36","slug":"casas-inteligentes","status":"publish","type":"page","link":"https:\/\/www.motionminds.com.ar\/?page_id=178","title":{"rendered":"Estandarizaci\u00f3n"},"content":{"rendered":"\t\t<div data-elementor-type=\"wp-page\" data-elementor-id=\"178\" class=\"elementor elementor-178\" data-elementor-settings=\"[]\">\n\t\t\t\t\t\t\t<div class=\"elementor-section-wrap\">\n\t\t\t\t\t\t\t<section class=\"elementor-section elementor-top-section elementor-element elementor-element-594205dd elementor-section-boxed elementor-section-height-default elementor-section-height-default\" data-id=\"594205dd\" data-element_type=\"section\">\n\t\t\t\t\t\t<div class=\"elementor-container elementor-column-gap-default\">\n\t\t\t\t\t<div class=\"elementor-column elementor-col-100 elementor-top-column elementor-element elementor-element-5d81073d\" data-id=\"5d81073d\" data-element_type=\"column\">\n\t\t\t<div class=\"elementor-widget-wrap elementor-element-populated\">\n\t\t\t\t\t\t\t\t<div class=\"elementor-element elementor-element-d632630 elementor-widget elementor-widget-text-editor\" data-id=\"d632630\" data-element_type=\"widget\" data-widget_type=\"text-editor.default\">\n\t\t\t\t<div class=\"elementor-widget-container\">\n\t\t\t\t\t\t\t<p><!-- wp:paragraph --><\/p>\n<p><strong>Estandarizamos los procesos mejorando la seguridad de su organizaci\u00f3n y la calidad de sus productos.<\/strong><\/p>\n<p><!-- \/wp:paragraph --><\/p>\n<p><!-- wp:paragraph --><\/p>\n<p>Los sistemas de calidad (SGC) y las metodolog\u00edas de gesti\u00f3n de datos (SDG) ya son una realidad en miles de compa\u00f1\u00edas, y de a poco se vuelven mandatorios para pertenecer o proveer a muchas industrias, como es el caso de las empresas de Salud, de Seguros, de Banca y de Aeronavegaci\u00f3n.<\/p>\n<p>Por otra parte, ante la evidencia de las grandes beneficios que conlleva la estandarizaci\u00f3n, cada vez son mas los gobiernos y las asociaciones empresariales que promueven o directamente obligan a las empresas a implementar estos sistemas. <\/p>\n<p><!-- \/wp:paragraph --><\/p>\n<p><!-- wp:paragraph --><\/p>\n<p>En <strong>MotionMinds <\/strong>creemos que la calidad y la seguridad de los datos no solo optimiza los procesos de negocio, sino que permite crear relaciones mas duraderas con los clientes, donde la confianza en los productos y en resguardo de los datos tienen un aval real que se transmite. <\/p>\n<p><!-- \/wp:paragraph --><\/p>\n<p><!-- wp:paragraph --><\/p>\n<p>Los servicios de estandarizaci\u00f3n que proveemos van desde la implementaci\u00f3n de sistemas de calidad tales como ISO 9001 as\u00ed como pol\u00edticas de Data Governance de acuerdo a los lineamientos del <a href=\"https:\/\/datagovernance.com\/\">Data Governance Institute<\/a>.<\/p>\n<p><!-- \/wp:paragraph --><\/p>\n<p><!-- wp:paragraph --><\/p>\n<p><strong>Procesos inteligentes para organizaciones inteligentes.<\/strong><\/p>\n<p><!-- \/wp:paragraph --><\/p>\t\t\t\t\t\t<\/div>\n\t\t\t\t<\/div>\n\t\t\t\t\t<\/div>\n\t\t<\/div>\n\t\t\t\t\t\t\t<\/div>\n\t\t<\/section>\n\t\t\t\t\t\t<\/div>\n\t\t\t\t\t<\/div>\n\t\t","protected":false},"excerpt":{"rendered":"<p>Estandarizamos los procesos mejorando la seguridad de su organizaci\u00f3n y la calidad de sus productos. Los sistemas de calidad (SGC) y las metodolog\u00edas de gesti\u00f3n de datos (SDG) ya son una realidad en miles de compa\u00f1\u00edas, y de a poco se vuelven mandatorios para pertenecer o proveer a muchas industrias, como es el caso de&hellip; <br \/> <a class=\"read-more\" href=\"https:\/\/www.motionminds.com.ar\/?page_id=178\">Read more<\/a><\/p>\n","protected":false},"author":1,"featured_media":0,"parent":23,"menu_order":6,"comment_status":"closed","ping_status":"closed","template":"","meta":{"spay_email":""},"_links":{"self":[{"href":"https:\/\/www.motionminds.com.ar\/index.php?rest_route=\/wp\/v2\/pages\/178"}],"collection":[{"href":"https:\/\/www.motionminds.com.ar\/index.php?rest_route=\/wp\/v2\/pages"}],"about":[{"href":"https:\/\/www.motionminds.com.ar\/index.php?rest_route=\/wp\/v2\/types\/page"}],"author":[{"embeddable":true,"href":"https:\/\/www.motionminds.com.ar\/index.php?rest_route=\/wp\/v2\/users\/1"}],"replies":[{"embeddable":true,"href":"https:\/\/www.motionminds.com.ar\/index.php?rest_route=%2Fwp%2Fv2%2Fcomments&post=178"}],"version-history":[{"count":6,"href":"https:\/\/www.motionminds.com.ar\/index.php?rest_route=\/wp\/v2\/pages\/178\/revisions"}],"predecessor-version":[{"id":264,"href":"https:\/\/www.motionminds.com.ar\/index.php?rest_route=\/wp\/v2\/pages\/178\/revisions\/264"}],"up":[{"embeddable":true,"href":"https:\/\/www.motionminds.com.ar\/index.php?rest_route=\/wp\/v2\/pages\/23"}],"wp:attachment":[{"href":"https:\/\/www.motionminds.com.ar\/index.php?rest_route=%2Fwp%2Fv2%2Fmedia&parent=178"}],"curies":[{"name":"wp","href":"https:\/\/api.w.org\/{rel}","templated":true}]}}