{"id":172,"date":"2021-12-12T20:57:16","date_gmt":"2021-12-12T23:57:16","guid":{"rendered":"https:\/\/www.motionminds.com.ar\/?page_id=172"},"modified":"2021-12-12T22:35:40","modified_gmt":"2021-12-13T01:35:40","slug":"web-y-servicios-cloud","status":"publish","type":"page","link":"https:\/\/www.motionminds.com.ar\/?page_id=172","title":{"rendered":"Web y Servicios Cloud"},"content":{"rendered":"\n<p><strong>Ofrecemos sus productos y servicios al mundo.<\/strong><\/p>\n\n\n\n<p>Internet se ha convertido en la vidriera mas grande del mundo y a la vez, la mas igualitaria, ya que un sitio web exitoso no depende del tama\u00f1o de la compa\u00f1\u00eda que lo soporta, sino de lo atractivo y funcional que sea su dise\u00f1o. La aparici\u00f3n de Cloud Computing ha hecho algo similar con la infraestructura, permitiendo que cualquier empresa (no importa su envergadura) acceda a una potencia de c\u00f3mputo y una serie de servicios antes reservados para grandes compa\u00f1\u00edas, sin pagar el enorme costo de su infraestructura y mantenimiento.<\/p>\n\n\n\n<p>En <strong>MotionMinds <\/strong>contamos con una amplia experiencia en desarrollos web, sustentado por los mas de 100 sitios dise\u00f1ados y publicados para nuestros clientes, abarcando todos los estilos posibles: acad\u00e9micos, institucionales, profesionales, ecommerce, autogestionables, privados, mixtos, etc.<\/p>\n\n\n\n<p>Los servicios de desarrollo web que proveemos incluyen el dise\u00f1o gr\u00e1fico del sitio (incluyendo logos e identidad visual), registraci\u00f3n de dominios, contrataci\u00f3n de hosting externo o configuraci\u00f3n de servidor de hosting local, desarrollo web y publicaci\u00f3n online, utilizando las herramientas y los lenguajes adecuados para la infraestructura a utilizar, los servicios a brindar y la clase de usuario consumidor. En cuanto a servicios cloud, ofrecemos asesoramiento en la adquisici\u00f3n y utilizaci\u00f3n de SaaS y IaaS, as\u00ed como tambi\u00e9n en el armado de nubes privadas e h\u00edbridas.<\/p>\n\n\n\n<p><strong>Dise\u00f1o atractivo y funcional para destacar su negocio.<\/strong><\/p>\n","protected":false},"excerpt":{"rendered":"<p>Ofrecemos sus productos y servicios al mundo. Internet se ha convertido en la vidriera mas grande del mundo y a la vez, la mas igualitaria, ya que un sitio web exitoso no depende del tama\u00f1o de la compa\u00f1\u00eda que lo soporta, sino de lo atractivo y funcional que sea su dise\u00f1o. La aparici\u00f3n de Cloud&hellip; <br \/> <a class=\"read-more\" href=\"https:\/\/www.motionminds.com.ar\/?page_id=172\">Read more<\/a><\/p>\n","protected":false},"author":1,"featured_media":0,"parent":23,"menu_order":3,"comment_status":"closed","ping_status":"closed","template":"","meta":{"spay_email":""},"_links":{"self":[{"href":"https:\/\/www.motionminds.com.ar\/index.php?rest_route=\/wp\/v2\/pages\/172"}],"collection":[{"href":"https:\/\/www.motionminds.com.ar\/index.php?rest_route=\/wp\/v2\/pages"}],"about":[{"href":"https:\/\/www.motionminds.com.ar\/index.php?rest_route=\/wp\/v2\/types\/page"}],"author":[{"embeddable":true,"href":"https:\/\/www.motionminds.com.ar\/index.php?rest_route=\/wp\/v2\/users\/1"}],"replies":[{"embeddable":true,"href":"https:\/\/www.motionminds.com.ar\/index.php?rest_route=%2Fwp%2Fv2%2Fcomments&post=172"}],"version-history":[{"count":3,"href":"https:\/\/www.motionminds.com.ar\/index.php?rest_route=\/wp\/v2\/pages\/172\/revisions"}],"predecessor-version":[{"id":207,"href":"https:\/\/www.motionminds.com.ar\/index.php?rest_route=\/wp\/v2\/pages\/172\/revisions\/207"}],"up":[{"embeddable":true,"href":"https:\/\/www.motionminds.com.ar\/index.php?rest_route=\/wp\/v2\/pages\/23"}],"wp:attachment":[{"href":"https:\/\/www.motionminds.com.ar\/index.php?rest_route=%2Fwp%2Fv2%2Fmedia&parent=172"}],"curies":[{"name":"wp","href":"https:\/\/api.w.org\/{rel}","templated":true}]}}