{"id":163,"date":"2021-12-12T20:51:17","date_gmt":"2021-12-12T23:51:17","guid":{"rendered":"https:\/\/www.motionminds.com.ar\/?page_id=163"},"modified":"2021-12-12T22:20:35","modified_gmt":"2021-12-13T01:20:35","slug":"mision-y-valores","status":"publish","type":"page","link":"https:\/\/www.motionminds.com.ar\/?page_id=163","title":{"rendered":"Misi\u00f3n y valores"},"content":{"rendered":"\n<p><strong>Misi\u00f3n<\/strong>: Brindar soluciones inform\u00e1ticas innovadoras a la medida de los clientes, seleccionando las herramientas m\u00e1s adecuadas para cada proyecto con el fin de garantizar funcionalidad, estabilidad, seguridad, facilidad de uso y por-tabilidad.<\/p>\n\n\n\n<p><strong>Visi\u00f3n<\/strong>: convertirnos en un referente de mercado en la provisi\u00f3n de sistemas y tecnolog\u00edas \u201cf\u00e1ciles de usar\u201d que simplifiquen los procesos productivos, las problem\u00e1ticas de los negocios y las tareas cotidianas.<\/p>\n\n\n\n<p><strong>Valores<\/strong>:<\/p>\n\n\n\n<ul><li><strong>Enfoque<\/strong>: nos concentramos en resolver el problema funcional, entregando soluciones innovadoras que excedan las expectativas del cliente.<\/li><li><strong>Responsabilidad<\/strong>: procuramos cumplir con lo que prometemos porque deseamos que cada cliente nos considere un proveedor confiable.<\/li><li><strong>Experiencia<\/strong>: contamos con a\u00f1os de experiencia en el desarrollo de solucio-nes de variada envergadura, m\u00faltiples tecnolog\u00edas aplicadas a todo tipo de industrias.<\/li><li><strong>Calidad<\/strong>: entendemos que la calidad es tan importante como la funcionali-dad, por lo que implementamos metodolog\u00edas que nos garanticen controles permanentes en cada etapa del ciclo productivo.<\/li><li><strong>Integridad<\/strong>: nos gu\u00eda un fuerte c\u00f3digo de conducta, donde la honestidad y el respeto por lo acordado gu\u00edan cada una de nuestras decisiones.<\/li><\/ul>\n","protected":false},"excerpt":{"rendered":"<p>Misi\u00f3n: Brindar soluciones inform\u00e1ticas innovadoras a la medida de los clientes, seleccionando las herramientas m\u00e1s adecuadas para cada proyecto con el fin de garantizar funcionalidad, estabilidad, seguridad, facilidad de uso y por-tabilidad. Visi\u00f3n: convertirnos en un referente de mercado en la provisi\u00f3n de sistemas y tecnolog\u00edas \u201cf\u00e1ciles de usar\u201d que simplifiquen los procesos productivos, las&hellip; <br \/> <a class=\"read-more\" href=\"https:\/\/www.motionminds.com.ar\/?page_id=163\">Read more<\/a><\/p>\n","protected":false},"author":1,"featured_media":0,"parent":25,"menu_order":3,"comment_status":"closed","ping_status":"closed","template":"","meta":{"spay_email":""},"_links":{"self":[{"href":"https:\/\/www.motionminds.com.ar\/index.php?rest_route=\/wp\/v2\/pages\/163"}],"collection":[{"href":"https:\/\/www.motionminds.com.ar\/index.php?rest_route=\/wp\/v2\/pages"}],"about":[{"href":"https:\/\/www.motionminds.com.ar\/index.php?rest_route=\/wp\/v2\/types\/page"}],"author":[{"embeddable":true,"href":"https:\/\/www.motionminds.com.ar\/index.php?rest_route=\/wp\/v2\/users\/1"}],"replies":[{"embeddable":true,"href":"https:\/\/www.motionminds.com.ar\/index.php?rest_route=%2Fwp%2Fv2%2Fcomments&post=163"}],"version-history":[{"count":3,"href":"https:\/\/www.motionminds.com.ar\/index.php?rest_route=\/wp\/v2\/pages\/163\/revisions"}],"predecessor-version":[{"id":199,"href":"https:\/\/www.motionminds.com.ar\/index.php?rest_route=\/wp\/v2\/pages\/163\/revisions\/199"}],"up":[{"embeddable":true,"href":"https:\/\/www.motionminds.com.ar\/index.php?rest_route=\/wp\/v2\/pages\/25"}],"wp:attachment":[{"href":"https:\/\/www.motionminds.com.ar\/index.php?rest_route=%2Fwp%2Fv2%2Fmedia&parent=163"}],"curies":[{"name":"wp","href":"https:\/\/api.w.org\/{rel}","templated":true}]}}