{"id":161,"date":"2021-12-12T20:50:18","date_gmt":"2021-12-12T23:50:18","guid":{"rendered":"https:\/\/www.motionminds.com.ar\/?page_id=161"},"modified":"2021-12-12T22:18:40","modified_gmt":"2021-12-13T01:18:40","slug":"por-que-motionminds","status":"publish","type":"page","link":"https:\/\/www.motionminds.com.ar\/?page_id=161","title":{"rendered":"\u00bfPor qu\u00e9 MotionMinds?"},"content":{"rendered":"\n<p><strong>MotionMinds <\/strong>es una empresa que dise\u00f1a, desarrolla e implementa sistemas para resolver los problemas de nuestros clientes, no perdiendo de vista nunca que el servicio que ofrecemos debe adaptarse a su necesidad, y no la inversa.<\/p>\n\n\n\n<p>Somos su mejor opci\u00f3n\u2026<\/p>\n\n\n\n<ul><li>porque contamos con personal altamente capacitado en las tecnolog\u00edas que ofrecemos.<\/li><li>porque hacemos un exhaustivo an\u00e1lisis de la problem\u00e1tica a resolver, lo que nos permite reducir al m\u00ednimo los desv\u00edos.<\/li><li>porque elegimos las herramientas adecuadas y maduras para desarrollar cada proyecto.<\/li><li>porque entendemos que la calidad del producto final es tan importante como su funcionalidad.<\/li><li>porque somos \u00e1giles y tenemos amplia experiencia en desarrollar soluciones funcionales en tiempos acotados.<\/li><li>porque que capacitamos a su personal tanto en la operaci\u00f3n como en el mantenimiento de los sistemas.<\/li><li>porque sabemos que la soluci\u00f3n a su problem\u00e1tica no solo involucra el desarrollo de una aplicaci\u00f3n con una interfaz amigable, sino tambi\u00e9n la definici\u00f3n de procedimientos, de pol\u00edticas, de metodolog\u00edas y una infraestructura que lo soporte.<\/li><li>porque creemos que todos los sistemas son cr\u00edticos y por ello deben ser tan estables y seguros como sea posible.<\/li><\/ul>\n","protected":false},"excerpt":{"rendered":"<p>MotionMinds es una empresa que dise\u00f1a, desarrolla e implementa sistemas para resolver los problemas de nuestros clientes, no perdiendo de vista nunca que el servicio que ofrecemos debe adaptarse a su necesidad, y no la inversa. Somos su mejor opci\u00f3n\u2026 porque contamos con personal altamente capacitado en las tecnolog\u00edas que ofrecemos. porque hacemos un exhaustivo&hellip; <br \/> <a class=\"read-more\" href=\"https:\/\/www.motionminds.com.ar\/?page_id=161\">Read more<\/a><\/p>\n","protected":false},"author":1,"featured_media":0,"parent":25,"menu_order":2,"comment_status":"closed","ping_status":"closed","template":"","meta":{"spay_email":""},"_links":{"self":[{"href":"https:\/\/www.motionminds.com.ar\/index.php?rest_route=\/wp\/v2\/pages\/161"}],"collection":[{"href":"https:\/\/www.motionminds.com.ar\/index.php?rest_route=\/wp\/v2\/pages"}],"about":[{"href":"https:\/\/www.motionminds.com.ar\/index.php?rest_route=\/wp\/v2\/types\/page"}],"author":[{"embeddable":true,"href":"https:\/\/www.motionminds.com.ar\/index.php?rest_route=\/wp\/v2\/users\/1"}],"replies":[{"embeddable":true,"href":"https:\/\/www.motionminds.com.ar\/index.php?rest_route=%2Fwp%2Fv2%2Fcomments&post=161"}],"version-history":[{"count":3,"href":"https:\/\/www.motionminds.com.ar\/index.php?rest_route=\/wp\/v2\/pages\/161\/revisions"}],"predecessor-version":[{"id":197,"href":"https:\/\/www.motionminds.com.ar\/index.php?rest_route=\/wp\/v2\/pages\/161\/revisions\/197"}],"up":[{"embeddable":true,"href":"https:\/\/www.motionminds.com.ar\/index.php?rest_route=\/wp\/v2\/pages\/25"}],"wp:attachment":[{"href":"https:\/\/www.motionminds.com.ar\/index.php?rest_route=%2Fwp%2Fv2%2Fmedia&parent=161"}],"curies":[{"name":"wp","href":"https:\/\/api.w.org\/{rel}","templated":true}]}}